{"id":8837,"date":"2020-03-25T14:36:44","date_gmt":"2020-03-25T13:36:44","guid":{"rendered":"https:\/\/www.gastoniglesias.com\/?page_id=5012"},"modified":"2020-03-25T14:36:44","modified_gmt":"2020-03-25T13:36:44","slug":"marbella-sport-weekend","status":"publish","type":"page","link":"https:\/\/gastoniglesias.com\/en\/marbella-sport-weekend\/","title":{"rendered":"Marbella Sport Weekend"},"content":{"rendered":"\n[su_dailymotion url=\u00bbhttps:\/\/www.dailymotion.com\/embed\/video\/x7r8krj?\u00bb width=\u00bb600&#8243; height=\u00bb400&#8243; responsive=\u00bbyes\u00bb autoplay=\u00bbno\u00bb background=\u00bb#FFC300&#8243; foreground=\u00bb#F7FFFD\u00bb highlight=\u00bb#171D1B\u00bb logo=\u00bbyes\u00bb quality=\u00bb380&#8243; related=\u00bbyes\u00bb info=\u00bbyes\u00bb title=\u00bb\u00bb class=\u00bb\u00bb]\n\n\n\n<p>Desde Madrid me lleg\u00f3 la invitaci\u00f3n a participar de la organizaci\u00f3n de este evento, el primero de muchos en Marbella. Desde la gesti\u00f3n de pernoctaciones de los equipos de trabajo, hasta la coordinaci\u00f3n de eventos, alternando con labores de presentador y entrevistador en diferentes eventos y actividades. Tuve el agrado de presentar estos eventos : <\/p>\n\n\n\n<p>20 penalties a Luis Amado, ex portero de f\u00fatbol sala de los m\u00e1s galardonados en este deporte. A lo largo de su trayectoria ha conseguido seis campeonatos de Liga, siete Copas de Espa\u00f1a y diez Supercopas a nivel de clubes, as\u00ed como dos Mundiales y seis Eurocopas con la Selecci\u00f3n espa\u00f1ola, para la que ha sido convocado en 138 ocasiones. <\/p>\n\n\n\n<p>Clinic de Baloncesto con estrellas de la NBA como Audie Norris y Neal Meyer.  Norris fue elegido por los Portland Trail Blazers con el n\u00famero 37 del draft en 1982. Jug\u00f3 187 partidos en tres temporadas en la NBA. Icono del baloncesto en la d\u00e9cada de los 80 en Espa\u00f1a. Se le conoce como &#8216;Atomic Dog&#8217; Meyer : Durante m\u00e1s de 15 a\u00f1os ha sido asistente en los banquillos de la NBA. Ha trabajado en los Clippers, Spurs, Trail Blazers, Nuggets y, sobre todo, Cleveland Cavaliers.-<\/p>\n\n\n\n<p>Clinic de P\u00e1del con la subcampeona de Europa Mari Carmen Villalba, la atleta Ruth Beitia, campeona ol\u00edmpica de altura enlas Olimp\u00edadas de R\u00edo, y la preparadora Paula Butrague\u00f1o, autora del libro 10 semanas para sentirse<br> 10 (Planeta) es la \u00fanica entrenadora oficial Nike Master. La revista Forbes la ha reconocido como una de las mejores influencers espa\u00f1olas en el<br> \u00e1mbito deportivo.<\/p>\n\n\n\n<div data-spectra-id=\"spectra-9869a638-48c7-4b5c-83cc-a6c0b89fc7d5\" class=\"wp-block-image\"><figure class=\"aligncenter\"><img fetchpriority=\"high\" decoding=\"async\" width=\"1024\" height=\"678\" src=\"https:\/\/gastoniglesias.com\/marketing-deportivo\/marketing-deportivo\/marketing-deportivo\/wp-content\/uploads\/2020\/03\/Sport-Weekend-Paula-1024x678.jpg\" alt=\"Sport Weekend Paula 1024x678\" class=\"wp-image-5016\" title=\"Marbella Sport Weekend\" srcset=\"https:\/\/gastoniglesias.com\/wp-content\/uploads\/2020\/03\/Sport-Weekend-Paula-1024x678.jpg 1024w, https:\/\/gastoniglesias.com\/wp-content\/uploads\/2020\/03\/Sport-Weekend-Paula-800x530.jpg 800w, https:\/\/gastoniglesias.com\/wp-content\/uploads\/2020\/03\/Sport-Weekend-Paula-300x199.jpg 300w, https:\/\/gastoniglesias.com\/wp-content\/uploads\/2020\/03\/Sport-Weekend-Paula-768x509.jpg 768w, https:\/\/gastoniglesias.com\/wp-content\/uploads\/2020\/03\/Sport-Weekend-Paula.jpg 1200w\" sizes=\"(max-width: 1024px) 100vw, 1024px\" \/><\/figure><\/div>\n\n\n\n<div data-spectra-id=\"spectra-0f64c8cf-cbfc-4126-88c6-306642ab0460\" class=\"wp-block-image\"><figure class=\"aligncenter\"><img decoding=\"async\" width=\"1024\" height=\"678\" src=\"https:\/\/gastoniglesias.com\/marketing-deportivo\/marketing-deportivo\/marketing-deportivo\/wp-content\/uploads\/2020\/03\/Sport-Weekend-tapa-1024x678.jpg\" alt=\"Sport Weekend Tapa 1024x678\" class=\"wp-image-5017\" title=\"Marbella Sport Weekend\" srcset=\"https:\/\/gastoniglesias.com\/wp-content\/uploads\/2020\/03\/Sport-Weekend-tapa-1024x678.jpg 1024w, https:\/\/gastoniglesias.com\/wp-content\/uploads\/2020\/03\/Sport-Weekend-tapa-800x530.jpg 800w, https:\/\/gastoniglesias.com\/wp-content\/uploads\/2020\/03\/Sport-Weekend-tapa-300x199.jpg 300w, https:\/\/gastoniglesias.com\/wp-content\/uploads\/2020\/03\/Sport-Weekend-tapa-768x509.jpg 768w, https:\/\/gastoniglesias.com\/wp-content\/uploads\/2020\/03\/Sport-Weekend-tapa.jpg 1200w\" sizes=\"(max-width: 1024px) 100vw, 1024px\" \/><\/figure><\/div>\n\n\n\n<div data-spectra-id=\"spectra-9bbb35c6-d646-4e17-b059-5170da792698\" class=\"wp-block-image\"><figure class=\"aligncenter\"><img decoding=\"async\" width=\"1024\" height=\"587\" src=\"https:\/\/gastoniglesias.com\/marketing-deportivo\/marketing-deportivo\/marketing-deportivo\/wp-content\/uploads\/2020\/03\/Con-Villaba-Beitia-y-Butrague\u00f1o-2-1024x587.jpg\" alt=\"Con Villaba Beitia Y Butrague\u00f1o 2 1024x587\" class=\"wp-image-5018\" title=\"Marbella Sport Weekend\" srcset=\"https:\/\/gastoniglesias.com\/wp-content\/uploads\/2020\/03\/Con-Villaba-Beitia-y-Butrague\u00f1o-2-1024x587.jpg 1024w, https:\/\/gastoniglesias.com\/wp-content\/uploads\/2020\/03\/Con-Villaba-Beitia-y-Butrague\u00f1o-2-scaled-800x459.jpg 800w, https:\/\/gastoniglesias.com\/wp-content\/uploads\/2020\/03\/Con-Villaba-Beitia-y-Butrague\u00f1o-2-300x172.jpg 300w, https:\/\/gastoniglesias.com\/wp-content\/uploads\/2020\/03\/Con-Villaba-Beitia-y-Butrague\u00f1o-2-768x440.jpg 768w, https:\/\/gastoniglesias.com\/wp-content\/uploads\/2020\/03\/Con-Villaba-Beitia-y-Butrague\u00f1o-2-1536x881.jpg 1536w, https:\/\/gastoniglesias.com\/wp-content\/uploads\/2020\/03\/Con-Villaba-Beitia-y-Butrague\u00f1o-2-2048x1175.jpg 2048w\" sizes=\"(max-width: 1024px) 100vw, 1024px\" \/><\/figure><\/div>\n\n\n\n<div data-spectra-id=\"spectra-bf4d5c67-c131-4d06-9fee-64fd95260597\" class=\"wp-block-image\"><figure class=\"aligncenter\"><img loading=\"lazy\" decoding=\"async\" width=\"1024\" height=\"587\" src=\"https:\/\/gastoniglesias.com\/marketing-deportivo\/marketing-deportivo\/marketing-deportivo\/wp-content\/uploads\/2020\/03\/Con-Villaba-Beitia-y-Butrague\u00f1o-1024x587.jpg\" alt=\"Con Villaba Beitia Y Butrague\u00f1o 1024x587\" class=\"wp-image-5019\" title=\"Marbella Sport Weekend\" srcset=\"https:\/\/gastoniglesias.com\/wp-content\/uploads\/2020\/03\/Con-Villaba-Beitia-y-Butrague\u00f1o-1024x587.jpg 1024w, https:\/\/gastoniglesias.com\/wp-content\/uploads\/2020\/03\/Con-Villaba-Beitia-y-Butrague\u00f1o-scaled-800x459.jpg 800w, https:\/\/gastoniglesias.com\/wp-content\/uploads\/2020\/03\/Con-Villaba-Beitia-y-Butrague\u00f1o-300x172.jpg 300w, https:\/\/gastoniglesias.com\/wp-content\/uploads\/2020\/03\/Con-Villaba-Beitia-y-Butrague\u00f1o-768x440.jpg 768w, https:\/\/gastoniglesias.com\/wp-content\/uploads\/2020\/03\/Con-Villaba-Beitia-y-Butrague\u00f1o-1536x881.jpg 1536w, https:\/\/gastoniglesias.com\/wp-content\/uploads\/2020\/03\/Con-Villaba-Beitia-y-Butrague\u00f1o-2048x1175.jpg 2048w\" sizes=\"(max-width: 1024px) 100vw, 1024px\" \/><\/figure><\/div>\n\n\n\n<div data-spectra-id=\"spectra-44d2b088-53e9-488d-b624-8ba2028bb05a\" class=\"wp-block-image\"><figure class=\"aligncenter\"><img loading=\"lazy\" decoding=\"async\" width=\"1024\" height=\"587\" src=\"https:\/\/gastoniglesias.com\/marketing-deportivo\/marketing-deportivo\/marketing-deportivo\/wp-content\/uploads\/2020\/03\/Myself-1024x587.jpg\" alt=\"Myself 1024x587\" class=\"wp-image-5020\" title=\"Marbella Sport Weekend\" srcset=\"https:\/\/gastoniglesias.com\/wp-content\/uploads\/2020\/03\/Myself-1024x587.jpg 1024w, https:\/\/gastoniglesias.com\/wp-content\/uploads\/2020\/03\/Myself-scaled-800x459.jpg 800w, https:\/\/gastoniglesias.com\/wp-content\/uploads\/2020\/03\/Myself-300x172.jpg 300w, https:\/\/gastoniglesias.com\/wp-content\/uploads\/2020\/03\/Myself-768x440.jpg 768w, https:\/\/gastoniglesias.com\/wp-content\/uploads\/2020\/03\/Myself-1536x881.jpg 1536w, https:\/\/gastoniglesias.com\/wp-content\/uploads\/2020\/03\/Myself-2048x1175.jpg 2048w\" sizes=\"(max-width: 1024px) 100vw, 1024px\" \/><\/figure><\/div>\n\n\n\n<div data-spectra-id=\"spectra-b3150145-0249-41a4-80be-70e0d6e62940\" class=\"wp-block-image\"><figure class=\"aligncenter\"><img loading=\"lazy\" decoding=\"async\" width=\"1024\" height=\"587\" src=\"https:\/\/gastoniglesias.com\/marketing-deportivo\/marketing-deportivo\/marketing-deportivo\/wp-content\/uploads\/2020\/03\/Con-Luis-Amado-1024x587.jpg\" alt=\"Con Luis Amado 1024x587\" class=\"wp-image-5021\" title=\"Marbella Sport Weekend\" srcset=\"https:\/\/gastoniglesias.com\/wp-content\/uploads\/2020\/03\/Con-Luis-Amado-1024x587.jpg 1024w, https:\/\/gastoniglesias.com\/wp-content\/uploads\/2020\/03\/Con-Luis-Amado-scaled-800x459.jpg 800w, https:\/\/gastoniglesias.com\/wp-content\/uploads\/2020\/03\/Con-Luis-Amado-300x172.jpg 300w, https:\/\/gastoniglesias.com\/wp-content\/uploads\/2020\/03\/Con-Luis-Amado-768x440.jpg 768w, https:\/\/gastoniglesias.com\/wp-content\/uploads\/2020\/03\/Con-Luis-Amado-1536x881.jpg 1536w, https:\/\/gastoniglesias.com\/wp-content\/uploads\/2020\/03\/Con-Luis-Amado-2048x1175.jpg 2048w\" sizes=\"(max-width: 1024px) 100vw, 1024px\" \/><\/figure><\/div>\n\n\n\n<p><\/p>\n","protected":false},"excerpt":{"rendered":"<p>[su_dailymotion url=\u00bbhttps:\/\/www.dailymotion.com\/embed\/video\/x7r8krj?\u00bb width=\u00bb600&#8243; height=\u00bb400&#8243; responsive=\u00bbyes\u00bb autoplay=\u00bbno\u00bb background=\u00bb#FFC300&#8243; foreground=\u00bb#F7FFFD\u00bb highlight=\u00bb#171D1B\u00bb logo=\u00bbyes\u00bb quality=\u00bb380&#8243; related=\u00bbyes\u00bb info=\u00bbyes\u00bb title=\u00bb\u00bb class=\u00bb\u00bb] Desde Madrid me lleg\u00f3 la invitaci\u00f3n a participar de la organizaci\u00f3n de este evento, el primero de muchos en Marbella. Desde la gesti\u00f3n de pernoctaciones de los equipos de trabajo, hasta la coordinaci\u00f3n de eventos, alternando con labores de presentador [&hellip;]<\/p>\n","protected":false},"author":1,"featured_media":0,"parent":0,"menu_order":0,"comment_status":"closed","ping_status":"closed","template":"","meta":{"_surecart_dashboard_logo_width":"180px","_surecart_dashboard_show_logo":true,"_surecart_dashboard_navigation_orders":true,"_surecart_dashboard_navigation_invoices":true,"_surecart_dashboard_navigation_subscriptions":true,"_surecart_dashboard_navigation_downloads":true,"_surecart_dashboard_navigation_billing":true,"_surecart_dashboard_navigation_account":true,"_uag_custom_page_level_css":"","_monsterinsights_skip_tracking":false,"_monsterinsights_sitenote_active":false,"_monsterinsights_sitenote_note":"","_monsterinsights_sitenote_category":0,"site-sidebar-layout":"default","site-content-layout":"","ast-site-content-layout":"default","site-content-style":"default","site-sidebar-style":"default","ast-global-header-display":"","ast-banner-title-visibility":"","ast-main-header-display":"","ast-hfb-above-header-display":"","ast-hfb-below-header-display":"","ast-hfb-mobile-header-display":"","site-post-title":"","ast-breadcrumbs-content":"","ast-featured-img":"","footer-sml-layout":"","ast-disable-related-posts":"","theme-transparent-header-meta":"","adv-header-id-meta":"","stick-header-meta":"","header-above-stick-meta":"","header-main-stick-meta":"","header-below-stick-meta":"","astra-migrate-meta-layouts":"default","ast-page-background-enabled":"default","ast-page-background-meta":{"desktop":{"background-color":"","background-image":"","background-repeat":"repeat","background-position":"center center","background-size":"auto","background-attachment":"scroll","background-type":"","background-media":"","overlay-type":"","overlay-color":"","overlay-opacity":"","overlay-gradient":""},"tablet":{"background-color":"","background-image":"","background-repeat":"repeat","background-position":"center center","background-size":"auto","background-attachment":"scroll","background-type":"","background-media":"","overlay-type":"","overlay-color":"","overlay-opacity":"","overlay-gradient":""},"mobile":{"background-color":"","background-image":"","background-repeat":"repeat","background-position":"center center","background-size":"auto","background-attachment":"scroll","background-type":"","background-media":"","overlay-type":"","overlay-color":"","overlay-opacity":"","overlay-gradient":""}},"ast-content-background-meta":{"desktop":{"background-color":"var(--ast-global-color-5)","background-image":"","background-repeat":"repeat","background-position":"center center","background-size":"auto","background-attachment":"scroll","background-type":"","background-media":"","overlay-type":"","overlay-color":"","overlay-opacity":"","overlay-gradient":""},"tablet":{"background-color":"var(--ast-global-color-5)","background-image":"","background-repeat":"repeat","background-position":"center center","background-size":"auto","background-attachment":"scroll","background-type":"","background-media":"","overlay-type":"","overlay-color":"","overlay-opacity":"","overlay-gradient":""},"mobile":{"background-color":"var(--ast-global-color-5)","background-image":"","background-repeat":"repeat","background-position":"center center","background-size":"auto","background-attachment":"scroll","background-type":"","background-media":"","overlay-type":"","overlay-color":"","overlay-opacity":"","overlay-gradient":""}},"footnotes":""},"class_list":["post-8837","page","type-page","status-publish","hentry"],"uagb_featured_image_src":{"full":false,"thumbnail":false,"medium":false,"medium_large":false,"large":false,"1536x1536":false,"2048x2048":false,"trp-custom-language-flag":false},"uagb_author_info":{"display_name":"gastoniglesias","author_link":"https:\/\/gastoniglesias.com\/en\/author\/gastoniglesias\/"},"uagb_comment_info":0,"uagb_excerpt":"[su_dailymotion url=\u00bbhttps:\/\/www.dailymotion.com\/embed\/video\/x7r8krj?\u00bb width=\u00bb600&#8243; height=\u00bb400&#8243; responsive=\u00bbyes\u00bb autoplay=\u00bbno\u00bb background=\u00bb#FFC300&#8243; foreground=\u00bb#F7FFFD\u00bb highlight=\u00bb#171D1B\u00bb logo=\u00bbyes\u00bb quality=\u00bb380&#8243; related=\u00bbyes\u00bb info=\u00bbyes\u00bb title=\u00bb\u00bb class=\u00bb\u00bb] Desde Madrid me lleg\u00f3 la invitaci\u00f3n a participar de la organizaci\u00f3n de este evento, el primero de muchos en Marbella. Desde la gesti\u00f3n de pernoctaciones de los equipos de trabajo, hasta la coordinaci\u00f3n de eventos, alternando con labores de presentador&hellip;","_links":{"self":[{"href":"https:\/\/gastoniglesias.com\/en\/wp-json\/wp\/v2\/pages\/8837","targetHints":{"allow":["GET"]}}],"collection":[{"href":"https:\/\/gastoniglesias.com\/en\/wp-json\/wp\/v2\/pages"}],"about":[{"href":"https:\/\/gastoniglesias.com\/en\/wp-json\/wp\/v2\/types\/page"}],"author":[{"embeddable":true,"href":"https:\/\/gastoniglesias.com\/en\/wp-json\/wp\/v2\/users\/1"}],"replies":[{"embeddable":true,"href":"https:\/\/gastoniglesias.com\/en\/wp-json\/wp\/v2\/comments?post=8837"}],"version-history":[{"count":0,"href":"https:\/\/gastoniglesias.com\/en\/wp-json\/wp\/v2\/pages\/8837\/revisions"}],"wp:attachment":[{"href":"https:\/\/gastoniglesias.com\/en\/wp-json\/wp\/v2\/media?parent=8837"}],"curies":[{"name":"wp","href":"https:\/\/api.w.org\/{rel}","templated":true}]}}