{"id":8831,"date":"2020-03-26T00:30:51","date_gmt":"2020-03-25T23:30:51","guid":{"rendered":"https:\/\/www.gastoniglesias.com\/?page_id=5027"},"modified":"2020-03-26T00:30:51","modified_gmt":"2020-03-25T23:30:51","slug":"cervezas-victoria-marbella-master","status":"publish","type":"page","link":"https:\/\/gastoniglesias.com\/en\/cervezas-victoria-marbella-master\/","title":{"rendered":"Cervezas Victoria Marbella Master"},"content":{"rendered":"<p>Lleg\u00f3 el World Padel Tour 2020, comenz\u00f3 as\u00ed la mejor competici\u00f3n del mundo de P\u00e1del, y con ella, su primer fecha nada menos que en Marbella. D\u00eda a d\u00eda cubrimos para Diario MARCA todas las instancias del ambicioso Tour que se disput\u00f3 en las pistas del Hotel Los Monteros (Pre previa y previa) y en el  Polideportivo Elena Benitez de San Pedro de Alc\u00e1ntara. Se colg\u00f3 cartel de No hay mas localidades. Un espect\u00e1culo \u00fanico de un deporte que no para de crecer.<\/p>\n\n\n\n<div data-spectra-id=\"spectra-ffb16fcf-043c-4d31-acfa-00ba9ba3fbeb\" class=\"wp-block-image\"><figure class=\"aligncenter size-large\"><img fetchpriority=\"high\" decoding=\"async\" width=\"1024\" height=\"649\" src=\"https:\/\/gastoniglesias.com\/marketing-deportivo\/marketing-deportivo\/marketing-deportivo\/wp-content\/uploads\/2020\/03\/WPT-3-1024x649.jpg\" alt=\"WPT 3 1024x649\" class=\"wp-image-5032\" title=\"Cervezas Victoria Marbella Master\" srcset=\"https:\/\/gastoniglesias.com\/wp-content\/uploads\/2020\/03\/WPT-3-1024x649.jpg 1024w, https:\/\/gastoniglesias.com\/wp-content\/uploads\/2020\/03\/WPT-3-scaled-800x507.jpg 800w, https:\/\/gastoniglesias.com\/wp-content\/uploads\/2020\/03\/WPT-3-300x190.jpg 300w, https:\/\/gastoniglesias.com\/wp-content\/uploads\/2020\/03\/WPT-3-768x487.jpg 768w, https:\/\/gastoniglesias.com\/wp-content\/uploads\/2020\/03\/WPT-3-1536x973.jpg 1536w, https:\/\/gastoniglesias.com\/wp-content\/uploads\/2020\/03\/WPT-3-2048x1297.jpg 2048w\" sizes=\"(max-width: 1024px) 100vw, 1024px\" \/><\/figure><\/div>\n\n\n\n<div data-spectra-id=\"spectra-b49eb1cf-d64d-4459-a973-e933c9867199\" class=\"wp-block-image\"><figure class=\"aligncenter size-large\"><img decoding=\"async\" width=\"1024\" height=\"648\" src=\"https:\/\/gastoniglesias.com\/marketing-deportivo\/marketing-deportivo\/marketing-deportivo\/wp-content\/uploads\/2020\/03\/WPT-4-1-1024x648.jpg\" alt=\"WPT 4 1 1024x648\" class=\"wp-image-5029\" title=\"Cervezas Victoria Marbella Master\" srcset=\"https:\/\/gastoniglesias.com\/wp-content\/uploads\/2020\/03\/WPT-4-1-1024x648.jpg 1024w, https:\/\/gastoniglesias.com\/wp-content\/uploads\/2020\/03\/WPT-4-1-scaled-800x507.jpg 800w, https:\/\/gastoniglesias.com\/wp-content\/uploads\/2020\/03\/WPT-4-1-300x190.jpg 300w, https:\/\/gastoniglesias.com\/wp-content\/uploads\/2020\/03\/WPT-4-1-768x486.jpg 768w, https:\/\/gastoniglesias.com\/wp-content\/uploads\/2020\/03\/WPT-4-1-1536x973.jpg 1536w, https:\/\/gastoniglesias.com\/wp-content\/uploads\/2020\/03\/WPT-4-1-2048x1297.jpg 2048w\" sizes=\"(max-width: 1024px) 100vw, 1024px\" \/><\/figure><\/div>\n\n\n\n<div data-spectra-id=\"spectra-7103f9da-a1f9-4f9e-840a-f85b643be450\" class=\"wp-block-image\"><figure class=\"aligncenter size-large\"><img decoding=\"async\" width=\"1024\" height=\"649\" src=\"https:\/\/gastoniglesias.com\/marketing-deportivo\/marketing-deportivo\/marketing-deportivo\/wp-content\/uploads\/2020\/03\/WPT-2-1024x649.jpg\" alt=\"WPT 2 1024x649\" class=\"wp-image-5030\" title=\"Cervezas Victoria Marbella Master\" srcset=\"https:\/\/gastoniglesias.com\/wp-content\/uploads\/2020\/03\/WPT-2-1024x649.jpg 1024w, https:\/\/gastoniglesias.com\/wp-content\/uploads\/2020\/03\/WPT-2-scaled-800x507.jpg 800w, https:\/\/gastoniglesias.com\/wp-content\/uploads\/2020\/03\/WPT-2-300x190.jpg 300w, https:\/\/gastoniglesias.com\/wp-content\/uploads\/2020\/03\/WPT-2-768x487.jpg 768w, https:\/\/gastoniglesias.com\/wp-content\/uploads\/2020\/03\/WPT-2-1536x973.jpg 1536w, https:\/\/gastoniglesias.com\/wp-content\/uploads\/2020\/03\/WPT-2-2048x1297.jpg 2048w\" sizes=\"(max-width: 1024px) 100vw, 1024px\" \/><\/figure><\/div>\n\n\n\n<div data-spectra-id=\"spectra-dde9d80c-2e2a-4e94-bef5-759786cc79e5\" class=\"wp-block-image\"><figure class=\"aligncenter size-large\"><img loading=\"lazy\" decoding=\"async\" width=\"1024\" height=\"648\" src=\"https:\/\/gastoniglesias.com\/marketing-deportivo\/marketing-deportivo\/marketing-deportivo\/wp-content\/uploads\/2020\/03\/WPT-1-1024x648.jpg\" alt=\"WPT 1 1024x648\" class=\"wp-image-5031\" title=\"Cervezas Victoria Marbella Master\" srcset=\"https:\/\/gastoniglesias.com\/wp-content\/uploads\/2020\/03\/WPT-1-1024x648.jpg 1024w, https:\/\/gastoniglesias.com\/wp-content\/uploads\/2020\/03\/WPT-1-scaled-800x506.jpg 800w, https:\/\/gastoniglesias.com\/wp-content\/uploads\/2020\/03\/WPT-1-300x190.jpg 300w, https:\/\/gastoniglesias.com\/wp-content\/uploads\/2020\/03\/WPT-1-768x486.jpg 768w, https:\/\/gastoniglesias.com\/wp-content\/uploads\/2020\/03\/WPT-1-1536x972.jpg 1536w, https:\/\/gastoniglesias.com\/wp-content\/uploads\/2020\/03\/WPT-1-2048x1296.jpg 2048w\" sizes=\"(max-width: 1024px) 100vw, 1024px\" \/><\/figure><\/div>","protected":false},"excerpt":{"rendered":"<p>Lleg\u00f3 el World Padel Tour 2020, comenz\u00f3 as\u00ed la mejor competici\u00f3n del mundo de P\u00e1del, y con ella, su primer fecha nada menos que en Marbella. D\u00eda a d\u00eda cubrimos para Diario MARCA todas las instancias del ambicioso Tour que se disput\u00f3 en las pistas del Hotel Los Monteros (Pre previa y previa) y en [&hellip;]<\/p>\n","protected":false},"author":1,"featured_media":0,"parent":0,"menu_order":0,"comment_status":"closed","ping_status":"closed","template":"","meta":{"_surecart_dashboard_logo_width":"180px","_surecart_dashboard_show_logo":true,"_surecart_dashboard_navigation_orders":true,"_surecart_dashboard_navigation_invoices":true,"_surecart_dashboard_navigation_subscriptions":true,"_surecart_dashboard_navigation_downloads":true,"_surecart_dashboard_navigation_billing":true,"_surecart_dashboard_navigation_account":true,"_uag_custom_page_level_css":"","_monsterinsights_skip_tracking":false,"_monsterinsights_sitenote_active":false,"_monsterinsights_sitenote_note":"","_monsterinsights_sitenote_category":0,"site-sidebar-layout":"default","site-content-layout":"","ast-site-content-layout":"default","site-content-style":"default","site-sidebar-style":"default","ast-global-header-display":"","ast-banner-title-visibility":"","ast-main-header-display":"","ast-hfb-above-header-display":"","ast-hfb-below-header-display":"","ast-hfb-mobile-header-display":"","site-post-title":"","ast-breadcrumbs-content":"","ast-featured-img":"","footer-sml-layout":"","ast-disable-related-posts":"","theme-transparent-header-meta":"","adv-header-id-meta":"","stick-header-meta":"","header-above-stick-meta":"","header-main-stick-meta":"","header-below-stick-meta":"","astra-migrate-meta-layouts":"default","ast-page-background-enabled":"default","ast-page-background-meta":{"desktop":{"background-color":"","background-image":"","background-repeat":"repeat","background-position":"center center","background-size":"auto","background-attachment":"scroll","background-type":"","background-media":"","overlay-type":"","overlay-color":"","overlay-opacity":"","overlay-gradient":""},"tablet":{"background-color":"","background-image":"","background-repeat":"repeat","background-position":"center center","background-size":"auto","background-attachment":"scroll","background-type":"","background-media":"","overlay-type":"","overlay-color":"","overlay-opacity":"","overlay-gradient":""},"mobile":{"background-color":"","background-image":"","background-repeat":"repeat","background-position":"center center","background-size":"auto","background-attachment":"scroll","background-type":"","background-media":"","overlay-type":"","overlay-color":"","overlay-opacity":"","overlay-gradient":""}},"ast-content-background-meta":{"desktop":{"background-color":"var(--ast-global-color-5)","background-image":"","background-repeat":"repeat","background-position":"center center","background-size":"auto","background-attachment":"scroll","background-type":"","background-media":"","overlay-type":"","overlay-color":"","overlay-opacity":"","overlay-gradient":""},"tablet":{"background-color":"var(--ast-global-color-5)","background-image":"","background-repeat":"repeat","background-position":"center center","background-size":"auto","background-attachment":"scroll","background-type":"","background-media":"","overlay-type":"","overlay-color":"","overlay-opacity":"","overlay-gradient":""},"mobile":{"background-color":"var(--ast-global-color-5)","background-image":"","background-repeat":"repeat","background-position":"center center","background-size":"auto","background-attachment":"scroll","background-type":"","background-media":"","overlay-type":"","overlay-color":"","overlay-opacity":"","overlay-gradient":""}},"footnotes":""},"class_list":["post-8831","page","type-page","status-publish","hentry"],"uagb_featured_image_src":{"full":false,"thumbnail":false,"medium":false,"medium_large":false,"large":false,"1536x1536":false,"2048x2048":false,"trp-custom-language-flag":false},"uagb_author_info":{"display_name":"gastoniglesias","author_link":"https:\/\/gastoniglesias.com\/en\/author\/gastoniglesias\/"},"uagb_comment_info":0,"uagb_excerpt":"Lleg\u00f3 el World Padel Tour 2020, comenz\u00f3 as\u00ed la mejor competici\u00f3n del mundo de P\u00e1del, y con ella, su primer fecha nada menos que en Marbella. D\u00eda a d\u00eda cubrimos para Diario MARCA todas las instancias del ambicioso Tour que se disput\u00f3 en las pistas del Hotel Los Monteros (Pre previa y previa) y en&hellip;","_links":{"self":[{"href":"https:\/\/gastoniglesias.com\/en\/wp-json\/wp\/v2\/pages\/8831","targetHints":{"allow":["GET"]}}],"collection":[{"href":"https:\/\/gastoniglesias.com\/en\/wp-json\/wp\/v2\/pages"}],"about":[{"href":"https:\/\/gastoniglesias.com\/en\/wp-json\/wp\/v2\/types\/page"}],"author":[{"embeddable":true,"href":"https:\/\/gastoniglesias.com\/en\/wp-json\/wp\/v2\/users\/1"}],"replies":[{"embeddable":true,"href":"https:\/\/gastoniglesias.com\/en\/wp-json\/wp\/v2\/comments?post=8831"}],"version-history":[{"count":0,"href":"https:\/\/gastoniglesias.com\/en\/wp-json\/wp\/v2\/pages\/8831\/revisions"}],"wp:attachment":[{"href":"https:\/\/gastoniglesias.com\/en\/wp-json\/wp\/v2\/media?parent=8831"}],"curies":[{"name":"wp","href":"https:\/\/api.w.org\/{rel}","templated":true}]}}